{"id":339,"date":"2024-02-11T19:46:36","date_gmt":"2024-02-11T19:46:36","guid":{"rendered":"https:\/\/naturalbodyandsoul.pt\/teresadiogo\/?page_id=339"},"modified":"2025-07-20T16:14:36","modified_gmt":"2025-07-20T16:14:36","slug":"pack-transforma-te","status":"publish","type":"page","link":"https:\/\/naturalbodyandsoul.pt\/teresadiogo\/pack-transforma-te\/","title":{"rendered":"Pack Transforma-te"},"content":{"rendered":"\t\t<div data-elementor-type=\"wp-page\" data-elementor-id=\"339\" class=\"elementor elementor-339\" data-elementor-post-type=\"page\">\n\t\t\t\t\t\t<section class=\"elementor-section elementor-top-section elementor-element elementor-element-a888564 elementor-section-boxed elementor-section-height-default elementor-section-height-default\" data-id=\"a888564\" data-element_type=\"section\">\n\t\t\t\t\t\t<div class=\"elementor-container elementor-column-gap-default\">\n\t\t\t\t\t<div class=\"elementor-column elementor-col-100 elementor-top-column elementor-element elementor-element-7fbccee\" data-id=\"7fbccee\" data-element_type=\"column\">\n\t\t\t<div class=\"elementor-widget-wrap\">\n\t\t\t\t\t\t\t<\/div>\n\t\t<\/div>\n\t\t\t\t\t<\/div>\n\t\t<\/section>\n\t\t\t\t<section class=\"elementor-section elementor-top-section elementor-element elementor-element-28eebaf elementor-section-boxed elementor-section-height-default elementor-section-height-default\" data-id=\"28eebaf\" data-element_type=\"section\">\n\t\t\t\t\t\t<div class=\"elementor-container elementor-column-gap-default\">\n\t\t\t\t\t<div class=\"elementor-column elementor-col-100 elementor-top-column elementor-element elementor-element-2f2ff78\" data-id=\"2f2ff78\" data-element_type=\"column\">\n\t\t\t<div class=\"elementor-widget-wrap elementor-element-populated\">\n\t\t\t\t\t\t<div class=\"elementor-element elementor-element-ba1cc32 elementor-widget elementor-widget-spacer\" data-id=\"ba1cc32\" data-element_type=\"widget\" data-widget_type=\"spacer.default\">\n\t\t\t\t<div class=\"elementor-widget-container\">\n\t\t\t\t\t\t\t<div class=\"elementor-spacer\">\n\t\t\t<div class=\"elementor-spacer-inner\"><\/div>\n\t\t<\/div>\n\t\t\t\t\t\t<\/div>\n\t\t\t\t<\/div>\n\t\t\t\t\t<\/div>\n\t\t<\/div>\n\t\t\t\t\t<\/div>\n\t\t<\/section>\n\t\t\t\t<section class=\"elementor-section elementor-top-section elementor-element elementor-element-7c8be47 elementor-section-full_width elementor-section-stretched elementor-section-height-default elementor-section-height-default\" data-id=\"7c8be47\" data-element_type=\"section\" data-settings=\"{&quot;stretch_section&quot;:&quot;section-stretched&quot;}\">\n\t\t\t\t\t\t<div class=\"elementor-container elementor-column-gap-no\">\n\t\t\t\t\t<div class=\"elementor-column elementor-col-100 elementor-top-column elementor-element elementor-element-5c9d52e\" data-id=\"5c9d52e\" data-element_type=\"column\">\n\t\t\t<div class=\"elementor-widget-wrap elementor-element-populated\">\n\t\t\t\t\t\t<div class=\"elementor-element elementor-element-fd95b5b elementor-widget__width-inherit elementor-widget elementor-widget-video\" data-id=\"fd95b5b\" data-element_type=\"widget\" data-settings=\"{&quot;youtube_url&quot;:&quot;https:\\\/\\\/youtu.be\\\/xfpsW6qhUfA&quot;,&quot;video_type&quot;:&quot;youtube&quot;,&quot;controls&quot;:&quot;yes&quot;}\" data-widget_type=\"video.default\">\n\t\t\t\t<div class=\"elementor-widget-container\">\n\t\t\t\t\t\t\t<div class=\"elementor-wrapper elementor-open-inline\">\n\t\t\t<div class=\"elementor-video\"><\/div>\t\t<\/div>\n\t\t\t\t\t\t<\/div>\n\t\t\t\t<\/div>\n\t\t\t\t\t<\/div>\n\t\t<\/div>\n\t\t\t\t\t<\/div>\n\t\t<\/section>\n\t\t\t\t<section class=\"elementor-section elementor-top-section elementor-element elementor-element-a420194 elementor-section-boxed elementor-section-height-default elementor-section-height-default\" data-id=\"a420194\" data-element_type=\"section\">\n\t\t\t\t\t\t<div class=\"elementor-container elementor-column-gap-default\">\n\t\t\t\t\t<div class=\"elementor-column elementor-col-100 elementor-top-column elementor-element elementor-element-c4bd455\" data-id=\"c4bd455\" data-element_type=\"column\">\n\t\t\t<div class=\"elementor-widget-wrap elementor-element-populated\">\n\t\t\t\t\t\t<div class=\"elementor-element elementor-element-123082e elementor-widget elementor-widget-spacer\" data-id=\"123082e\" data-element_type=\"widget\" data-widget_type=\"spacer.default\">\n\t\t\t\t<div class=\"elementor-widget-container\">\n\t\t\t\t\t\t\t<div class=\"elementor-spacer\">\n\t\t\t<div class=\"elementor-spacer-inner\"><\/div>\n\t\t<\/div>\n\t\t\t\t\t\t<\/div>\n\t\t\t\t<\/div>\n\t\t\t\t\t<\/div>\n\t\t<\/div>\n\t\t\t\t\t<\/div>\n\t\t<\/section>\n\t\t\t\t<section class=\"elementor-section elementor-top-section elementor-element elementor-element-7b51e62 elementor-section-boxed elementor-section-height-default elementor-section-height-default\" data-id=\"7b51e62\" data-element_type=\"section\">\n\t\t\t\t\t\t<div class=\"elementor-container elementor-column-gap-default\">\n\t\t\t\t\t<div class=\"elementor-column elementor-col-100 elementor-top-column elementor-element elementor-element-2ce66ce\" data-id=\"2ce66ce\" data-element_type=\"column\">\n\t\t\t<div class=\"elementor-widget-wrap elementor-element-populated\">\n\t\t\t\t\t\t<div class=\"elementor-element elementor-element-93082fc elementor-widget elementor-widget-text-editor\" data-id=\"93082fc\" data-element_type=\"widget\" data-widget_type=\"text-editor.default\">\n\t\t\t\t<div class=\"elementor-widget-container\">\n\t\t\t\t\t\t\t\t\t<h1><strong><span style=\"color: #61ba66;\">Pack Transforma-te<\/span><\/strong><\/h1><p>Descobre o poder de uma vida mais plena e alinhada com a tua ess\u00eancia!<\/p><p><strong>O que \u00e9?<\/strong><br \/>Este Pack \u00e9 um caminho transformador que olha para as din\u00e2micas ocultas dentro das fam\u00edlias, trazendo al\u00edvio, compreens\u00e3o e reconcilia\u00e7\u00e3o. <br \/>Imagina carregar uma mochila cheia de pedras que representam traumas e conflitos n\u00e3o resolvidos dos teus antepassados. A Constela\u00e7\u00e3o Familiar permite explorar essas pedras, compreender as suas origens e libertar-te delas, transformando padr\u00f5es inconscientes que influenciam a tua vida e os teus relacionamentos.<\/p><p>Com a combina\u00e7\u00e3o das Constela\u00e7\u00f5es Familiares e as terapias seguintes de PNL, este Pack oferece uma abordagem profunda, criando um ambiente prop\u00edcio para o crescimento pessoal e a cura emocional, e proporcionando um caminho poderoso para alcan\u00e7ares equil\u00edbrio e sucesso na tua vida, ajudando-te a viver com autenticidade e prop\u00f3sito.<\/p><p>Na pr\u00e1tica, essas t\u00e9cnicas s\u00e3o integradas de forma a que uma fortale\u00e7a a outra. A Constela\u00e7\u00e3o Familiar mostra as din\u00e2micas ocultas e oferece uma perspetiva clara sobre os padr\u00f5es familiares que te afetam, promovendo uma compreens\u00e3o profunda e uma liberta\u00e7\u00e3o das amarras emocionais. A PNL oferece a estrutura para identificar e mudar padr\u00f5es.<\/p><p><strong>Para Quem \u00c9?<\/strong><br \/>Para quem procura descobrir a sua verdadeira ess\u00eancia, desbloquear o seu potencial e viver uma vida mais plena e consciente, alinhada com os seus valores.<\/p><p><strong>Para Que Serve o Pack Transforma-te?<\/strong><br \/>Serve como um caminho para o autoconhecimento e crescimento pessoal, ajudando-te a superar obst\u00e1culos e a alcan\u00e7ar os teus objetivos. Capacita-te a viver com autenticidade, paix\u00e3o e prop\u00f3sito, levando a uma vida mais plena e satisfat\u00f3ria, para que possas estar melhor contigo e com os outros.<\/p><p><strong>Quais S\u00e3o os Objetivos?<\/strong><\/p><ul><li>Explorar o teu potencial interior e descobrir os teus recursos internos<\/li><li>Superar obst\u00e1culos e alcan\u00e7ar os teus objetivos de vida<\/li><li>Viver com autenticidade, paix\u00e3o e prop\u00f3sito<\/li><li>Desenvolver habilidades de gest\u00e3o emocional e autoestima<\/li><li>Melhorar o relacionamento contigo mesmo e com os outros<\/li><li>Capacitar-te a viver uma vida mais plena, realizada e feliz<\/li><\/ul><p><strong>Como Funciona na Pr\u00e1tica?<\/strong><\/p><p>Inclui uma sess\u00e3o inicial de Constela\u00e7\u00e3o Familiar representada por objetos para identificar padr\u00f5es inconscientes, seguida de tr\u00eas sess\u00f5es terap\u00eauticas, onde se trabalham os temas identificados na Constela\u00e7\u00e3o.<\/p><p><strong>1\u00aa Sess\u00e3o de Constela\u00e7\u00e3o Familiar (2H)<\/strong> \u2013 Vou guiar-te na escolha de objetos que representem os diferentes membros da tua fam\u00edlia ou elementos da tua vida. Atrav\u00e9s da disposi\u00e7\u00e3o e intera\u00e7\u00e3o desses objetos, revela-se a din\u00e2mica subjacente aos conflitos e permite-se a resolu\u00e7\u00e3o e cura.<br \/>Nesta sess\u00e3o, vamos mergulhar profundamente nos teus la\u00e7os familiares e desfazer os n\u00f3s emocionais que te prendem ao passado. Ao reconheceres e libertares os traumas do passado, vais sentir-te mais capaz de criar uma nova narrativa para a tua vida, mais alinhada com os teus objetivos e desejos mais aut\u00eanticos. No final desta primeira sess\u00e3o, estar\u00e1s mais preparado para iniciar um caminho de autoconhecimento e crescimento pessoal, livre dos fardos do passado e pronto para abra\u00e7ar um futuro de possibilidades infinitas.<\/p><p><strong>Sess\u00f5es seguintes (1H cada)<\/strong> \u2013 Vamos trabalhar os temas identificados na Constela\u00e7\u00e3o Familiar, utilizando as t\u00e9cnicas de PNL, sempre num ambiente de relaxamento, para te ajudar a libertar emo\u00e7\u00f5es negativas e alcan\u00e7ar a cura emocional.<br \/>Vou guiar-te num caminho de autodescoberta e crescimento pessoal, onde vais explorar livremente os teus pensamentos, emo\u00e7\u00f5es e comportamentos, rumo a mudan\u00e7as positivas na tua vida.<br \/>Serei a tua guia, ajudando-te a identificar e superar obst\u00e1culos, padr\u00f5es negativos ou cren\u00e7as limitantes que possam estar a impedir o teu progresso.<\/p><p>Vamos abordar \u00e1reas essenciais da tua vida, incluindo relacionamentos, autoestima, comunica\u00e7\u00e3o, tomada de decis\u00f5es, gest\u00e3o do stress e procura de prop\u00f3sito. O foco estar\u00e1 no teu desenvolvimento integral, cuidando da tua sa\u00fade f\u00edsica, emocional e mental.<\/p><p>Sente-te \u00e0 vontade para partilhar os teus pensamentos, emo\u00e7\u00f5es e preocupa\u00e7\u00f5es, e para explorar a tua hist\u00f3ria de vida e experi\u00eancias. Juntos, vamos aumentar a tua autoconsci\u00eancia e identificar \u00e1reas de foco para o teu bem-estar geral. O meu papel \u00e9 incentivar-te a estabelecer metas realistas e espec\u00edficas, e a alcan\u00e7\u00e1-las com confian\u00e7a e determina\u00e7\u00e3o.<\/p><hr \/><p><strong>PACK 4 SESS\u00d5ES (5H):<\/strong><\/p><ul><li>1 Sess\u00e3o de Constela\u00e7\u00e3o Familiar (2H)<\/li><li>3 Sess\u00d5ES de Terapiacom PNL (1H)<\/li><\/ul><blockquote><p>Sess\u00f5es online realizadas de forma semanal. Hor\u00e1rio alargado, das 6H \u00e0s 24H, incluindo fim-de-semana.<\/p><\/blockquote><hr \/><p><strong>Est\u00e1s pronto para construir um caminho de autoconhecimento, crescimento pessoal e um melhor relacionamento contigo e com os outros?<\/strong><br \/>Marca j\u00e1 as tuas sess\u00f5es de Terapia atrav\u00e9s do <em>Pack Transforma-te<\/em>!<\/p><p><a href=\"https:\/\/teresadiogo.pt\/agendar\/\" target=\"_blank\" rel=\"noopener\"><strong>Marcar Sess\u00e3o \u2665<\/strong><\/a><\/p>\t\t\t\t\t\t\t\t<\/div>\n\t\t\t\t<\/div>\n\t\t\t\t\t<\/div>\n\t\t<\/div>\n\t\t\t\t\t<\/div>\n\t\t<\/section>\n\t\t\t\t<\/div>\n\t\t","protected":false},"excerpt":{"rendered":"<p>Pack Transforma-te Descobre o poder de uma vida mais plena e alinhada com a tua ess\u00eancia! O que \u00e9?Este Pack<\/p>\n<p><a href=\"https:\/\/naturalbodyandsoul.pt\/teresadiogo\/pack-transforma-te\/\" class=\"more-link\">Continue reading<span class=\"screen-reader-text\">Pack Transforma-te<\/span><\/a><\/p>\n","protected":false},"author":1,"featured_media":1055,"parent":0,"menu_order":0,"comment_status":"closed","ping_status":"closed","template":"","meta":{"_joinchat":[],"footnotes":""},"class_list":["post-339","page","type-page","status-publish","has-post-thumbnail","hentry"],"yoast_head":"<!-- This site is optimized with the Yoast SEO plugin v26.7 - https:\/\/yoast.com\/wordpress\/plugins\/seo\/ -->\n<title>Pack Transforma-te: Constela\u00e7\u00e3o Familiar e PNL<\/title>\n<meta name=\"description\" content=\"Pack Transforma-te: Desperta o teu potencial e vive com autenticidade e prop\u00f3sito atrav\u00e9s da Constela\u00e7\u00e3o Familiar e da PNL.\" \/>\n<meta name=\"robots\" content=\"index, follow, max-snippet:-1, max-image-preview:large, max-video-preview:-1\" \/>\n<link rel=\"canonical\" href=\"https:\/\/naturalbodyandsoul.pt\/teresadiogo\/pack-transforma-te\/\" \/>\n<meta property=\"og:locale\" content=\"pt_PT\" \/>\n<meta property=\"og:type\" content=\"article\" \/>\n<meta property=\"og:title\" content=\"Pack Transforma-te: Constela\u00e7\u00e3o Familiar e PNL\" \/>\n<meta property=\"og:description\" content=\"Pack Transforma-te: Desperta o teu potencial e vive com autenticidade e prop\u00f3sito atrav\u00e9s da Constela\u00e7\u00e3o Familiar e da PNL.\" \/>\n<meta property=\"og:url\" content=\"https:\/\/naturalbodyandsoul.pt\/teresadiogo\/pack-transforma-te\/\" \/>\n<meta property=\"og:site_name\" content=\"Teresa Diogo\" \/>\n<meta property=\"article:modified_time\" content=\"2025-07-20T16:14:36+00:00\" \/>\n<meta property=\"og:image\" content=\"https:\/\/naturalbodyandsoul.pt\/teresadiogo\/wp-content\/uploads\/2024\/02\/Terapia-Desenvolvimento-Pessoal-1.jpg\" \/>\n\t<meta property=\"og:image:width\" content=\"1500\" \/>\n\t<meta property=\"og:image:height\" content=\"1000\" \/>\n\t<meta property=\"og:image:type\" content=\"image\/jpeg\" \/>\n<meta name=\"twitter:card\" content=\"summary_large_image\" \/>\n<meta name=\"twitter:label1\" content=\"Tempo estimado de leitura\" \/>\n\t<meta name=\"twitter:data1\" content=\"5 minutos\" \/>\n<script type=\"application\/ld+json\" class=\"yoast-schema-graph\">{\"@context\":\"https:\/\/schema.org\",\"@graph\":[{\"@type\":\"WebPage\",\"@id\":\"https:\/\/naturalbodyandsoul.pt\/teresadiogo\/pack-transforma-te\/\",\"url\":\"https:\/\/naturalbodyandsoul.pt\/teresadiogo\/pack-transforma-te\/\",\"name\":\"Pack Transforma-te: Constela\u00e7\u00e3o Familiar e PNL\",\"isPartOf\":{\"@id\":\"https:\/\/naturalbodyandsoul.pt\/teresadiogo\/#website\"},\"primaryImageOfPage\":{\"@id\":\"https:\/\/naturalbodyandsoul.pt\/teresadiogo\/pack-transforma-te\/#primaryimage\"},\"image\":{\"@id\":\"https:\/\/naturalbodyandsoul.pt\/teresadiogo\/pack-transforma-te\/#primaryimage\"},\"thumbnailUrl\":\"https:\/\/naturalbodyandsoul.pt\/teresadiogo\/wp-content\/uploads\/2024\/02\/Terapia-Desenvolvimento-Pessoal-1.jpg\",\"datePublished\":\"2024-02-11T19:46:36+00:00\",\"dateModified\":\"2025-07-20T16:14:36+00:00\",\"description\":\"Pack Transforma-te: Desperta o teu potencial e vive com autenticidade e prop\u00f3sito atrav\u00e9s da Constela\u00e7\u00e3o Familiar e da PNL.\",\"breadcrumb\":{\"@id\":\"https:\/\/naturalbodyandsoul.pt\/teresadiogo\/pack-transforma-te\/#breadcrumb\"},\"inLanguage\":\"pt-PT\",\"potentialAction\":[{\"@type\":\"ReadAction\",\"target\":[\"https:\/\/naturalbodyandsoul.pt\/teresadiogo\/pack-transforma-te\/\"]}]},{\"@type\":\"ImageObject\",\"inLanguage\":\"pt-PT\",\"@id\":\"https:\/\/naturalbodyandsoul.pt\/teresadiogo\/pack-transforma-te\/#primaryimage\",\"url\":\"https:\/\/naturalbodyandsoul.pt\/teresadiogo\/wp-content\/uploads\/2024\/02\/Terapia-Desenvolvimento-Pessoal-1.jpg\",\"contentUrl\":\"https:\/\/naturalbodyandsoul.pt\/teresadiogo\/wp-content\/uploads\/2024\/02\/Terapia-Desenvolvimento-Pessoal-1.jpg\",\"width\":1500,\"height\":1000,\"caption\":\"Terapia Desenvolvimento Pessoal. Descubra o poder transformador da Terapia de Desenvolvimento Pessoal, onde exploramos juntos o seu potencial interior, utilizando ferramentas como Coaching, PNL, Reiki e Constela\u00e7\u00f5es Familiares. Liberte-se de bloqueios emocionais, alcance seus objetivos e viva com autenticidade e prop\u00f3sito.\"},{\"@type\":\"BreadcrumbList\",\"@id\":\"https:\/\/naturalbodyandsoul.pt\/teresadiogo\/pack-transforma-te\/#breadcrumb\",\"itemListElement\":[{\"@type\":\"ListItem\",\"position\":1,\"name\":\"In\u00edcio\",\"item\":\"https:\/\/naturalbodyandsoul.pt\/teresadiogo\/\"},{\"@type\":\"ListItem\",\"position\":2,\"name\":\"Pack Transforma-te\"}]},{\"@type\":\"WebSite\",\"@id\":\"https:\/\/naturalbodyandsoul.pt\/teresadiogo\/#website\",\"url\":\"https:\/\/naturalbodyandsoul.pt\/teresadiogo\/\",\"name\":\"Teresa Diogo\",\"description\":\"Terapeuta e Consteladora Familiar\",\"potentialAction\":[{\"@type\":\"SearchAction\",\"target\":{\"@type\":\"EntryPoint\",\"urlTemplate\":\"https:\/\/naturalbodyandsoul.pt\/teresadiogo\/?s={search_term_string}\"},\"query-input\":{\"@type\":\"PropertyValueSpecification\",\"valueRequired\":true,\"valueName\":\"search_term_string\"}}],\"inLanguage\":\"pt-PT\"}]}<\/script>\n<!-- \/ Yoast SEO plugin. -->","yoast_head_json":{"title":"Pack Transforma-te: Constela\u00e7\u00e3o Familiar e PNL","description":"Pack Transforma-te: Desperta o teu potencial e vive com autenticidade e prop\u00f3sito atrav\u00e9s da Constela\u00e7\u00e3o Familiar e da PNL.","robots":{"index":"index","follow":"follow","max-snippet":"max-snippet:-1","max-image-preview":"max-image-preview:large","max-video-preview":"max-video-preview:-1"},"canonical":"https:\/\/naturalbodyandsoul.pt\/teresadiogo\/pack-transforma-te\/","og_locale":"pt_PT","og_type":"article","og_title":"Pack Transforma-te: Constela\u00e7\u00e3o Familiar e PNL","og_description":"Pack Transforma-te: Desperta o teu potencial e vive com autenticidade e prop\u00f3sito atrav\u00e9s da Constela\u00e7\u00e3o Familiar e da PNL.","og_url":"https:\/\/naturalbodyandsoul.pt\/teresadiogo\/pack-transforma-te\/","og_site_name":"Teresa Diogo","article_modified_time":"2025-07-20T16:14:36+00:00","og_image":[{"width":1500,"height":1000,"url":"https:\/\/naturalbodyandsoul.pt\/teresadiogo\/wp-content\/uploads\/2024\/02\/Terapia-Desenvolvimento-Pessoal-1.jpg","type":"image\/jpeg"}],"twitter_card":"summary_large_image","twitter_misc":{"Tempo estimado de leitura":"5 minutos"},"schema":{"@context":"https:\/\/schema.org","@graph":[{"@type":"WebPage","@id":"https:\/\/naturalbodyandsoul.pt\/teresadiogo\/pack-transforma-te\/","url":"https:\/\/naturalbodyandsoul.pt\/teresadiogo\/pack-transforma-te\/","name":"Pack Transforma-te: Constela\u00e7\u00e3o Familiar e PNL","isPartOf":{"@id":"https:\/\/naturalbodyandsoul.pt\/teresadiogo\/#website"},"primaryImageOfPage":{"@id":"https:\/\/naturalbodyandsoul.pt\/teresadiogo\/pack-transforma-te\/#primaryimage"},"image":{"@id":"https:\/\/naturalbodyandsoul.pt\/teresadiogo\/pack-transforma-te\/#primaryimage"},"thumbnailUrl":"https:\/\/naturalbodyandsoul.pt\/teresadiogo\/wp-content\/uploads\/2024\/02\/Terapia-Desenvolvimento-Pessoal-1.jpg","datePublished":"2024-02-11T19:46:36+00:00","dateModified":"2025-07-20T16:14:36+00:00","description":"Pack Transforma-te: Desperta o teu potencial e vive com autenticidade e prop\u00f3sito atrav\u00e9s da Constela\u00e7\u00e3o Familiar e da PNL.","breadcrumb":{"@id":"https:\/\/naturalbodyandsoul.pt\/teresadiogo\/pack-transforma-te\/#breadcrumb"},"inLanguage":"pt-PT","potentialAction":[{"@type":"ReadAction","target":["https:\/\/naturalbodyandsoul.pt\/teresadiogo\/pack-transforma-te\/"]}]},{"@type":"ImageObject","inLanguage":"pt-PT","@id":"https:\/\/naturalbodyandsoul.pt\/teresadiogo\/pack-transforma-te\/#primaryimage","url":"https:\/\/naturalbodyandsoul.pt\/teresadiogo\/wp-content\/uploads\/2024\/02\/Terapia-Desenvolvimento-Pessoal-1.jpg","contentUrl":"https:\/\/naturalbodyandsoul.pt\/teresadiogo\/wp-content\/uploads\/2024\/02\/Terapia-Desenvolvimento-Pessoal-1.jpg","width":1500,"height":1000,"caption":"Terapia Desenvolvimento Pessoal. Descubra o poder transformador da Terapia de Desenvolvimento Pessoal, onde exploramos juntos o seu potencial interior, utilizando ferramentas como Coaching, PNL, Reiki e Constela\u00e7\u00f5es Familiares. Liberte-se de bloqueios emocionais, alcance seus objetivos e viva com autenticidade e prop\u00f3sito."},{"@type":"BreadcrumbList","@id":"https:\/\/naturalbodyandsoul.pt\/teresadiogo\/pack-transforma-te\/#breadcrumb","itemListElement":[{"@type":"ListItem","position":1,"name":"In\u00edcio","item":"https:\/\/naturalbodyandsoul.pt\/teresadiogo\/"},{"@type":"ListItem","position":2,"name":"Pack Transforma-te"}]},{"@type":"WebSite","@id":"https:\/\/naturalbodyandsoul.pt\/teresadiogo\/#website","url":"https:\/\/naturalbodyandsoul.pt\/teresadiogo\/","name":"Teresa Diogo","description":"Terapeuta e Consteladora Familiar","potentialAction":[{"@type":"SearchAction","target":{"@type":"EntryPoint","urlTemplate":"https:\/\/naturalbodyandsoul.pt\/teresadiogo\/?s={search_term_string}"},"query-input":{"@type":"PropertyValueSpecification","valueRequired":true,"valueName":"search_term_string"}}],"inLanguage":"pt-PT"}]}},"_links":{"self":[{"href":"https:\/\/naturalbodyandsoul.pt\/teresadiogo\/wp-json\/wp\/v2\/pages\/339","targetHints":{"allow":["GET"]}}],"collection":[{"href":"https:\/\/naturalbodyandsoul.pt\/teresadiogo\/wp-json\/wp\/v2\/pages"}],"about":[{"href":"https:\/\/naturalbodyandsoul.pt\/teresadiogo\/wp-json\/wp\/v2\/types\/page"}],"author":[{"embeddable":true,"href":"https:\/\/naturalbodyandsoul.pt\/teresadiogo\/wp-json\/wp\/v2\/users\/1"}],"replies":[{"embeddable":true,"href":"https:\/\/naturalbodyandsoul.pt\/teresadiogo\/wp-json\/wp\/v2\/comments?post=339"}],"version-history":[{"count":123,"href":"https:\/\/naturalbodyandsoul.pt\/teresadiogo\/wp-json\/wp\/v2\/pages\/339\/revisions"}],"predecessor-version":[{"id":2148,"href":"https:\/\/naturalbodyandsoul.pt\/teresadiogo\/wp-json\/wp\/v2\/pages\/339\/revisions\/2148"}],"wp:featuredmedia":[{"embeddable":true,"href":"https:\/\/naturalbodyandsoul.pt\/teresadiogo\/wp-json\/wp\/v2\/media\/1055"}],"wp:attachment":[{"href":"https:\/\/naturalbodyandsoul.pt\/teresadiogo\/wp-json\/wp\/v2\/media?parent=339"}],"curies":[{"name":"wp","href":"https:\/\/api.w.org\/{rel}","templated":true}]}}